{"id":37,"date":"2017-04-04T15:49:53","date_gmt":"2017-04-04T13:49:53","guid":{"rendered":"http:\/\/xn--pskerock-9za.no\/?page_id=37"},"modified":"2017-04-13T17:46:12","modified_gmt":"2017-04-13T15:46:12","slug":"program-2017","status":"publish","type":"page","link":"https:\/\/paaskerock.no\/","title":{"rendered":"Program 2017"},"content":{"rendered":"<p>Velkomen til \u00e5rets musikalske h\u00f8gdepunkt i \u00c5rdal, velkomen til P\u00e5skerock! To dagar med variert musikk fr\u00e5 lokale band. Lyd og lys levert fr\u00e5 \u00d8yre Lyd.<\/p>\n<p>D\u00f8rene til Samhold opnar kl.20.30.<\/p>\n<p>Hugin Musikkforum ynskjer alle god p\u00e5ske!<\/p>\n","protected":false},"excerpt":{"rendered":"<p>Velkomen til \u00e5rets musikalske h\u00f8gdepunkt i \u00c5rdal, velkomen til P\u00e5skerock! To dagar med variert musikk fr\u00e5 lokale band. Lyd og lys levert fr\u00e5 \u00d8yre Lyd. D\u00f8rene til Samhold opnar kl.20.30. Hugin Musikkforum ynskjer alle god p\u00e5ske!<\/p>\n","protected":false},"author":1,"featured_media":0,"parent":0,"menu_order":0,"comment_status":"closed","ping_status":"closed","template":"","meta":[],"_links":{"self":[{"href":"https:\/\/paaskerock.no\/index.php?rest_route=\/wp\/v2\/pages\/37"}],"collection":[{"href":"https:\/\/paaskerock.no\/index.php?rest_route=\/wp\/v2\/pages"}],"about":[{"href":"https:\/\/paaskerock.no\/index.php?rest_route=\/wp\/v2\/types\/page"}],"author":[{"embeddable":true,"href":"https:\/\/paaskerock.no\/index.php?rest_route=\/wp\/v2\/users\/1"}],"replies":[{"embeddable":true,"href":"https:\/\/paaskerock.no\/index.php?rest_route=%2Fwp%2Fv2%2Fcomments&post=37"}],"version-history":[{"count":5,"href":"https:\/\/paaskerock.no\/index.php?rest_route=\/wp\/v2\/pages\/37\/revisions"}],"predecessor-version":[{"id":187,"href":"https:\/\/paaskerock.no\/index.php?rest_route=\/wp\/v2\/pages\/37\/revisions\/187"}],"wp:attachment":[{"href":"https:\/\/paaskerock.no\/index.php?rest_route=%2Fwp%2Fv2%2Fmedia&parent=37"}],"curies":[{"name":"wp","href":"https:\/\/api.w.org\/{rel}","templated":true}]}}