{"id":98,"date":"2017-04-06T23:02:41","date_gmt":"2017-04-06T21:02:41","guid":{"rendered":"http:\/\/xn--pskerock-9za.no\/?page_id=98"},"modified":"2017-04-07T23:24:49","modified_gmt":"2017-04-07T21:24:49","slug":"jimi-hendrix-experience","status":"publish","type":"page","link":"http:\/\/paaskerock.no\/?page_id=98","title":{"rendered":"Jimi Hendrix Experience"},"content":{"rendered":"<div class=\"page\" title=\"Page 1\">\n<div class=\"section\">\n<div class=\"layoutArea\">\n<div class=\"column\">\n<p><em>Som det g\u00e5r fram av namnet s\u00e5 er det Jimi Hendrix som avsluttar fyrste dag av P\u00e5skerock 2017. Bak prosjektet st\u00e5r bandet Twang med Ketil Thorbj\u00f8rnsen i spissen. Dette lovar godt!<\/em><br \/>\nBandet best\u00e5r av: <strong>Ketil Thorbj\u00f8rnsen, Kenneth A. Sandnes, \u00d8yvind Aga.<\/strong>\n<\/div>\n<\/div>\n<\/div>\n<\/div>\n","protected":false},"excerpt":{"rendered":"<p>Som det g\u00e5r fram av namnet s\u00e5 er det Jimi Hendrix som avsluttar fyrste dag av P\u00e5skerock 2017. Bak prosjektet st\u00e5r bandet Twang med Ketil Thorbj\u00f8rnsen i spissen. Dette lovar godt! Bandet best\u00e5r av: Ketil Thorbj\u00f8rnsen, Kenneth A. Sandnes, \u00d8yvind Aga.<\/p>\n","protected":false},"author":3,"featured_media":0,"parent":37,"menu_order":0,"comment_status":"closed","ping_status":"closed","template":"","meta":[],"_links":{"self":[{"href":"http:\/\/paaskerock.no\/index.php?rest_route=\/wp\/v2\/pages\/98"}],"collection":[{"href":"http:\/\/paaskerock.no\/index.php?rest_route=\/wp\/v2\/pages"}],"about":[{"href":"http:\/\/paaskerock.no\/index.php?rest_route=\/wp\/v2\/types\/page"}],"author":[{"embeddable":true,"href":"http:\/\/paaskerock.no\/index.php?rest_route=\/wp\/v2\/users\/3"}],"replies":[{"embeddable":true,"href":"http:\/\/paaskerock.no\/index.php?rest_route=%2Fwp%2Fv2%2Fcomments&post=98"}],"version-history":[{"count":3,"href":"http:\/\/paaskerock.no\/index.php?rest_route=\/wp\/v2\/pages\/98\/revisions"}],"predecessor-version":[{"id":156,"href":"http:\/\/paaskerock.no\/index.php?rest_route=\/wp\/v2\/pages\/98\/revisions\/156"}],"up":[{"embeddable":true,"href":"http:\/\/paaskerock.no\/index.php?rest_route=\/wp\/v2\/pages\/37"}],"wp:attachment":[{"href":"http:\/\/paaskerock.no\/index.php?rest_route=%2Fwp%2Fv2%2Fmedia&parent=98"}],"curies":[{"name":"wp","href":"https:\/\/api.w.org\/{rel}","templated":true}]}}