{"id":86,"date":"2017-04-06T22:53:25","date_gmt":"2017-04-06T20:53:25","guid":{"rendered":"http:\/\/xn--pskerock-9za.no\/?page_id=86"},"modified":"2017-04-07T23:32:45","modified_gmt":"2017-04-07T21:32:45","slug":"m-a-s","status":"publish","type":"page","link":"http:\/\/paaskerock.no\/?page_id=86","title":{"rendered":"M.A.S"},"content":{"rendered":"<p><img loading=\"lazy\" src=\"http:\/\/xn--pskerock-9za.no\/wp-content\/uploads\/2017\/04\/MAS-4463-300x150.jpg\" alt=\"\" width=\"300\" height=\"150\" class=\"alignnone size-medium wp-image-137\" \/><\/p>\n<p><em>Debutantar til \u00e5rets P\u00e5skerock. Har f\u00e5tt \u00e6ra av \u00e5 opne p\u00e5skerock 2017.<\/em><br \/>\n<em><br \/>\nBandet best\u00e5r av: <strong>Matilde Dvergedal, Aurora Hols\u00e6ter, Selina Myrmel Gram samt Jonas Henjum<\/strong>.<\/em><\/p>\n","protected":false},"excerpt":{"rendered":"<p>Debutantar til \u00e5rets P\u00e5skerock. Har f\u00e5tt \u00e6ra av \u00e5 opne p\u00e5skerock 2017. Bandet best\u00e5r av: Matilde Dvergedal, Aurora Hols\u00e6ter, Selina Myrmel Gram samt Jonas Henjum.<\/p>\n","protected":false},"author":3,"featured_media":0,"parent":37,"menu_order":0,"comment_status":"closed","ping_status":"closed","template":"","meta":[],"_links":{"self":[{"href":"http:\/\/paaskerock.no\/index.php?rest_route=\/wp\/v2\/pages\/86"}],"collection":[{"href":"http:\/\/paaskerock.no\/index.php?rest_route=\/wp\/v2\/pages"}],"about":[{"href":"http:\/\/paaskerock.no\/index.php?rest_route=\/wp\/v2\/types\/page"}],"author":[{"embeddable":true,"href":"http:\/\/paaskerock.no\/index.php?rest_route=\/wp\/v2\/users\/3"}],"replies":[{"embeddable":true,"href":"http:\/\/paaskerock.no\/index.php?rest_route=%2Fwp%2Fv2%2Fcomments&post=86"}],"version-history":[{"count":4,"href":"http:\/\/paaskerock.no\/index.php?rest_route=\/wp\/v2\/pages\/86\/revisions"}],"predecessor-version":[{"id":163,"href":"http:\/\/paaskerock.no\/index.php?rest_route=\/wp\/v2\/pages\/86\/revisions\/163"}],"up":[{"embeddable":true,"href":"http:\/\/paaskerock.no\/index.php?rest_route=\/wp\/v2\/pages\/37"}],"wp:attachment":[{"href":"http:\/\/paaskerock.no\/index.php?rest_route=%2Fwp%2Fv2%2Fmedia&parent=86"}],"curies":[{"name":"wp","href":"https:\/\/api.w.org\/{rel}","templated":true}]}}