{"id":82,"date":"2017-04-06T22:50:45","date_gmt":"2017-04-06T20:50:45","guid":{"rendered":"http:\/\/xn--pskerock-9za.no\/?page_id=82"},"modified":"2017-04-07T23:32:06","modified_gmt":"2017-04-07T21:32:06","slug":"john-holmes","status":"publish","type":"page","link":"http:\/\/paaskerock.no\/?page_id=82","title":{"rendered":"John Holmes"},"content":{"rendered":"<div class=\"page\" title=\"Page 1\">\n<div class=\"section\">\n<div class=\"layoutArea\">\n<div class=\"column\">\n<img loading=\"lazy\" src=\"http:\/\/xn--pskerock-9za.no\/wp-content\/uploads\/2017\/04\/17620386_768972166617206_7064056693294038703_o-1-300x55.jpg\" alt=\"\" width=\"300\" height=\"55\" class=\"alignnone size-medium wp-image-150\" \/><br \/>\n<em>\u00abI den breibeinte rockens teneste\u00bb. Debuterer under \u00e5rets p\u00e5skerock. Ozzy Osbourne, the Hellacopters og Orango er noko av det som st\u00e5r p\u00e5 sett-lista.<\/em><br \/>\nBandet best\u00e5r av: <strong>Joacim Styve, Kenneth A. Sandnes, Eivind L\u00e6greid og Frank-Runar \u00d8ren.<\/strong>\n<\/div>\n<\/div>\n<\/div>\n<\/div>\n","protected":false},"excerpt":{"rendered":"<p>\u00abI den breibeinte rockens teneste\u00bb. Debuterer under \u00e5rets p\u00e5skerock. Ozzy Osbourne, the Hellacopters og Orango er noko av det som st\u00e5r p\u00e5 sett-lista. Bandet best\u00e5r av: Joacim Styve, Kenneth A. Sandnes, Eivind L\u00e6greid og Frank-Runar \u00d8ren.<\/p>\n","protected":false},"author":3,"featured_media":0,"parent":37,"menu_order":0,"comment_status":"closed","ping_status":"closed","template":"","meta":[],"_links":{"self":[{"href":"http:\/\/paaskerock.no\/index.php?rest_route=\/wp\/v2\/pages\/82"}],"collection":[{"href":"http:\/\/paaskerock.no\/index.php?rest_route=\/wp\/v2\/pages"}],"about":[{"href":"http:\/\/paaskerock.no\/index.php?rest_route=\/wp\/v2\/types\/page"}],"author":[{"embeddable":true,"href":"http:\/\/paaskerock.no\/index.php?rest_route=\/wp\/v2\/users\/3"}],"replies":[{"embeddable":true,"href":"http:\/\/paaskerock.no\/index.php?rest_route=%2Fwp%2Fv2%2Fcomments&post=82"}],"version-history":[{"count":5,"href":"http:\/\/paaskerock.no\/index.php?rest_route=\/wp\/v2\/pages\/82\/revisions"}],"predecessor-version":[{"id":162,"href":"http:\/\/paaskerock.no\/index.php?rest_route=\/wp\/v2\/pages\/82\/revisions\/162"}],"up":[{"embeddable":true,"href":"http:\/\/paaskerock.no\/index.php?rest_route=\/wp\/v2\/pages\/37"}],"wp:attachment":[{"href":"http:\/\/paaskerock.no\/index.php?rest_route=%2Fwp%2Fv2%2Fmedia&parent=82"}],"curies":[{"name":"wp","href":"https:\/\/api.w.org\/{rel}","templated":true}]}}