{"id":44,"date":"2017-04-04T22:06:40","date_gmt":"2017-04-04T20:06:40","guid":{"rendered":"http:\/\/xn--pskerock-9za.no\/?page_id=44"},"modified":"2017-04-12T20:57:04","modified_gmt":"2017-04-12T18:57:04","slug":"buss","status":"publish","type":"page","link":"http:\/\/paaskerock.no\/?page_id=44","title":{"rendered":"Buss"},"content":{"rendered":"<div class=\"page\" title=\"Page 1\">\n<div class=\"section\">\n<div class=\"layoutArea\">\n<div class=\"column\">\n<p>Buss fr\u00e5 Seim\/ Tangen inkl. i billett kj\u00f8pt p\u00e5 f\u00f8rehand.<br \/>\nAvgang fr\u00e5 Seimsdalen, Lakkegjerde  kl.21.20 begge dagar. P\u00e5stigning torget \u00c5tg. kl.21.35.<br \/>\nVassbugen kl. 21.40.<br \/>\n<strong>NATTBuss til Tangen og Seimsdalen<\/strong> ved arr.slutt. <strong>Kr. 80,-.<\/strong><\/p>\n<\/div>\n<\/div>\n<\/div>\n<\/div>\n","protected":false},"excerpt":{"rendered":"<p>Buss fr\u00e5 Seim\/ Tangen inkl. i billett kj\u00f8pt p\u00e5 f\u00f8rehand. Avgang fr\u00e5 Seimsdalen, Lakkegjerde kl.21.20 begge dagar. P\u00e5stigning torget \u00c5tg. kl.21.35. Vassbugen kl. 21.40. NATTBuss til Tangen og Seimsdalen ved arr.slutt. Kr. 80,-.<\/p>\n","protected":false},"author":3,"featured_media":0,"parent":0,"menu_order":0,"comment_status":"closed","ping_status":"closed","template":"","meta":[],"_links":{"self":[{"href":"http:\/\/paaskerock.no\/index.php?rest_route=\/wp\/v2\/pages\/44"}],"collection":[{"href":"http:\/\/paaskerock.no\/index.php?rest_route=\/wp\/v2\/pages"}],"about":[{"href":"http:\/\/paaskerock.no\/index.php?rest_route=\/wp\/v2\/types\/page"}],"author":[{"embeddable":true,"href":"http:\/\/paaskerock.no\/index.php?rest_route=\/wp\/v2\/users\/3"}],"replies":[{"embeddable":true,"href":"http:\/\/paaskerock.no\/index.php?rest_route=%2Fwp%2Fv2%2Fcomments&post=44"}],"version-history":[{"count":5,"href":"http:\/\/paaskerock.no\/index.php?rest_route=\/wp\/v2\/pages\/44\/revisions"}],"predecessor-version":[{"id":186,"href":"http:\/\/paaskerock.no\/index.php?rest_route=\/wp\/v2\/pages\/44\/revisions\/186"}],"wp:attachment":[{"href":"http:\/\/paaskerock.no\/index.php?rest_route=%2Fwp%2Fv2%2Fmedia&parent=44"}],"curies":[{"name":"wp","href":"https:\/\/api.w.org\/{rel}","templated":true}]}}