{"id":114,"date":"2017-04-06T23:21:24","date_gmt":"2017-04-06T21:21:24","guid":{"rendered":"http:\/\/xn--pskerock-9za.no\/?page_id=114"},"modified":"2017-04-07T23:30:57","modified_gmt":"2017-04-07T21:30:57","slug":"that-70s-show","status":"publish","type":"page","link":"http:\/\/paaskerock.no\/?page_id=114","title":{"rendered":"That 70`s Show"},"content":{"rendered":"<div class=\"page\" title=\"Page 1\">\n<div class=\"section\">\n<div class=\"layoutArea\">\n<div class=\"column\">\n<p><em>Bak prosjektet st\u00e5r bandet Flugisane og dei har valt \u00e5 vie \u00e5rets P\u00e5skerock til 70-tallet \u2013 og d\u00e5 gjerne litt disko! Her er det berre \u00e5 gjere seg klar til \u00e5 danse ut siste rest av P\u00e5skerock 2017.<\/em><br \/>\nBandet best\u00e5r av: <strong>Frida T. Hunshammer, Andreas H. Aannevik, Morten Flugheim, Jonas Henjum og Lasse H. Aannvik.<\/strong>\n<\/div>\n<\/div>\n<\/div>\n<\/div>\n","protected":false},"excerpt":{"rendered":"<p>Bak prosjektet st\u00e5r bandet Flugisane og dei har valt \u00e5 vie \u00e5rets P\u00e5skerock til 70-tallet \u2013 og d\u00e5 gjerne litt disko! Her er det berre \u00e5 gjere seg klar til \u00e5 danse ut siste rest av P\u00e5skerock 2017. Bandet best\u00e5r av: Frida T. Hunshammer, Andreas H. Aannevik, Morten Flugheim, Jonas Henjum og Lasse H. Aannvik.<\/p>\n","protected":false},"author":3,"featured_media":0,"parent":37,"menu_order":0,"comment_status":"closed","ping_status":"closed","template":"","meta":[],"_links":{"self":[{"href":"http:\/\/paaskerock.no\/index.php?rest_route=\/wp\/v2\/pages\/114"}],"collection":[{"href":"http:\/\/paaskerock.no\/index.php?rest_route=\/wp\/v2\/pages"}],"about":[{"href":"http:\/\/paaskerock.no\/index.php?rest_route=\/wp\/v2\/types\/page"}],"author":[{"embeddable":true,"href":"http:\/\/paaskerock.no\/index.php?rest_route=\/wp\/v2\/users\/3"}],"replies":[{"embeddable":true,"href":"http:\/\/paaskerock.no\/index.php?rest_route=%2Fwp%2Fv2%2Fcomments&post=114"}],"version-history":[{"count":2,"href":"http:\/\/paaskerock.no\/index.php?rest_route=\/wp\/v2\/pages\/114\/revisions"}],"predecessor-version":[{"id":161,"href":"http:\/\/paaskerock.no\/index.php?rest_route=\/wp\/v2\/pages\/114\/revisions\/161"}],"up":[{"embeddable":true,"href":"http:\/\/paaskerock.no\/index.php?rest_route=\/wp\/v2\/pages\/37"}],"wp:attachment":[{"href":"http:\/\/paaskerock.no\/index.php?rest_route=%2Fwp%2Fv2%2Fmedia&parent=114"}],"curies":[{"name":"wp","href":"https:\/\/api.w.org\/{rel}","templated":true}]}}