{"id":112,"date":"2017-04-06T23:20:59","date_gmt":"2017-04-06T21:20:59","guid":{"rendered":"http:\/\/xn--pskerock-9za.no\/?page_id=112"},"modified":"2017-04-07T23:29:42","modified_gmt":"2017-04-07T21:29:42","slug":"nuisance","status":"publish","type":"page","link":"http:\/\/paaskerock.no\/?page_id=112","title":{"rendered":"Nuisance"},"content":{"rendered":"<p><img loading=\"lazy\" src=\"http:\/\/xn--pskerock-9za.no\/wp-content\/uploads\/2017\/04\/Skjermbilde-2017-04-07-kl.-23.03.17-300x150.png\" alt=\"\" width=\"300\" height=\"150\" class=\"alignnone size-medium wp-image-143\" \/><\/p>\n<div class=\"page\" title=\"Page 1\">\n<div class=\"section\">\n<div class=\"layoutArea\">\n<div class=\"column\">\n<p><em>Dei lokale heltane i Nuisance vender attende til P\u00e5skerock!. Her blir det ekte grungerock fr\u00e5 \u00c5rdal. H\u00f8yr Nuisance p\u00e5 SoundCloud <a href=\"https:\/\/m.soundcloud.com\/joacim-styve-1\" target=\"_blank\">her<\/a><\/em><br \/>\nBandet best\u00e5r av: <strong>Frode Aga, \u00d8rjan Loftheim, Joacim Styve, Svein Ove Hols\u00e6ther og Alf Magne Hillestad.<\/strong>\n<\/div>\n<\/div>\n<\/div>\n<\/div>\n","protected":false},"excerpt":{"rendered":"<p>Dei lokale heltane i Nuisance vender attende til P\u00e5skerock!. Her blir det ekte grungerock fr\u00e5 \u00c5rdal. H\u00f8yr Nuisance p\u00e5 SoundCloud her Bandet best\u00e5r av: Frode Aga, \u00d8rjan Loftheim, Joacim Styve, Svein Ove Hols\u00e6ther og Alf Magne Hillestad.<\/p>\n","protected":false},"author":3,"featured_media":0,"parent":37,"menu_order":0,"comment_status":"closed","ping_status":"closed","template":"","meta":[],"_links":{"self":[{"href":"http:\/\/paaskerock.no\/index.php?rest_route=\/wp\/v2\/pages\/112"}],"collection":[{"href":"http:\/\/paaskerock.no\/index.php?rest_route=\/wp\/v2\/pages"}],"about":[{"href":"http:\/\/paaskerock.no\/index.php?rest_route=\/wp\/v2\/types\/page"}],"author":[{"embeddable":true,"href":"http:\/\/paaskerock.no\/index.php?rest_route=\/wp\/v2\/users\/3"}],"replies":[{"embeddable":true,"href":"http:\/\/paaskerock.no\/index.php?rest_route=%2Fwp%2Fv2%2Fcomments&post=112"}],"version-history":[{"count":5,"href":"http:\/\/paaskerock.no\/index.php?rest_route=\/wp\/v2\/pages\/112\/revisions"}],"predecessor-version":[{"id":160,"href":"http:\/\/paaskerock.no\/index.php?rest_route=\/wp\/v2\/pages\/112\/revisions\/160"}],"up":[{"embeddable":true,"href":"http:\/\/paaskerock.no\/index.php?rest_route=\/wp\/v2\/pages\/37"}],"wp:attachment":[{"href":"http:\/\/paaskerock.no\/index.php?rest_route=%2Fwp%2Fv2%2Fmedia&parent=112"}],"curies":[{"name":"wp","href":"https:\/\/api.w.org\/{rel}","templated":true}]}}