{"id":110,"date":"2017-04-06T23:20:34","date_gmt":"2017-04-06T21:20:34","guid":{"rendered":"http:\/\/xn--pskerock-9za.no\/?page_id=110"},"modified":"2017-04-07T23:28:33","modified_gmt":"2017-04-07T21:28:33","slug":"jesse-custer","status":"publish","type":"page","link":"http:\/\/paaskerock.no\/?page_id=110","title":{"rendered":"Jesse Custer"},"content":{"rendered":"<div class=\"page\" title=\"Page 1\">\n<div class=\"section\">\n<div class=\"layoutArea\">\n<div class=\"column\">\n<p><em>Spelar l\u00e5tar med blant anna Highasakite, Vamp og CC Cowboys \u2013 festen er i gang! Fyrste opptreden sidan 2011!<\/em><br \/>\nBandet best\u00e5r av: <strong>Robert Hansen, \u00d8ystein R\u00f8ysi, Kurt Inge Jevnaker, Geir Hansen og Mathias Hansen.<\/strong>\n<\/div>\n<\/div>\n<\/div>\n<\/div>\n","protected":false},"excerpt":{"rendered":"<p>Spelar l\u00e5tar med blant anna Highasakite, Vamp og CC Cowboys \u2013 festen er i gang! Fyrste opptreden sidan 2011! Bandet best\u00e5r av: Robert Hansen, \u00d8ystein R\u00f8ysi, Kurt Inge Jevnaker, Geir Hansen og Mathias Hansen.<\/p>\n","protected":false},"author":3,"featured_media":0,"parent":37,"menu_order":0,"comment_status":"closed","ping_status":"closed","template":"","meta":[],"_links":{"self":[{"href":"http:\/\/paaskerock.no\/index.php?rest_route=\/wp\/v2\/pages\/110"}],"collection":[{"href":"http:\/\/paaskerock.no\/index.php?rest_route=\/wp\/v2\/pages"}],"about":[{"href":"http:\/\/paaskerock.no\/index.php?rest_route=\/wp\/v2\/types\/page"}],"author":[{"embeddable":true,"href":"http:\/\/paaskerock.no\/index.php?rest_route=\/wp\/v2\/users\/3"}],"replies":[{"embeddable":true,"href":"http:\/\/paaskerock.no\/index.php?rest_route=%2Fwp%2Fv2%2Fcomments&post=110"}],"version-history":[{"count":3,"href":"http:\/\/paaskerock.no\/index.php?rest_route=\/wp\/v2\/pages\/110\/revisions"}],"predecessor-version":[{"id":159,"href":"http:\/\/paaskerock.no\/index.php?rest_route=\/wp\/v2\/pages\/110\/revisions\/159"}],"up":[{"embeddable":true,"href":"http:\/\/paaskerock.no\/index.php?rest_route=\/wp\/v2\/pages\/37"}],"wp:attachment":[{"href":"http:\/\/paaskerock.no\/index.php?rest_route=%2Fwp%2Fv2%2Fmedia&parent=110"}],"curies":[{"name":"wp","href":"https:\/\/api.w.org\/{rel}","templated":true}]}}