{"id":106,"date":"2017-04-06T23:19:31","date_gmt":"2017-04-06T21:19:31","guid":{"rendered":"http:\/\/xn--pskerock-9za.no\/?page_id=106"},"modified":"2017-04-07T23:26:32","modified_gmt":"2017-04-07T21:26:32","slug":"soderberg","status":"publish","type":"page","link":"http:\/\/paaskerock.no\/?page_id=106","title":{"rendered":"S\u00f6derberg"},"content":{"rendered":"<div class=\"page\" title=\"Page 1\">\n<div class=\"section\">\n<div class=\"layoutArea\">\n<div class=\"column\">\n<div class=\"page\" title=\"Page 1\">\n<div class=\"section\">\n<div class=\"layoutArea\">\n<div class=\"column\">\n<p><em>Bak S\u00f6derberg st\u00e5r bandet STUV som covrar seg sj\u00f8lve. Med andre ord, sj\u00f8lvlaga l\u00e5tar med sj\u00f8lvskrivne tekstar! Dei testar ut nytt materiale, og m\u00e5let er \u00e5 gje ut plate i n\u00e6r framtid.<\/em><br \/>\nBandet best\u00e5r av:<strong> Bj\u00f8rn Havro, Stephan \u00d8ren, \u00d8rjan Loftheim, Tomas Styve, Preben Lomheim, \u00d8rjan Lindborg og Frank-Runar \u00d8ren.<\/strong>\n<\/div>\n<\/div>\n<\/div>\n<\/div>\n<\/div>\n<\/div>\n<\/div>\n<\/div>\n","protected":false},"excerpt":{"rendered":"<p>Bak S\u00f6derberg st\u00e5r bandet STUV som covrar seg sj\u00f8lve. Med andre ord, sj\u00f8lvlaga l\u00e5tar med sj\u00f8lvskrivne tekstar! Dei testar ut nytt materiale, og m\u00e5let er \u00e5 gje ut plate i n\u00e6r framtid. Bandet best\u00e5r av: Bj\u00f8rn Havro, Stephan \u00d8ren, \u00d8rjan Loftheim, Tomas Styve, Preben Lomheim, \u00d8rjan Lindborg og Frank-Runar \u00d8ren.<\/p>\n","protected":false},"author":3,"featured_media":0,"parent":37,"menu_order":0,"comment_status":"closed","ping_status":"closed","template":"","meta":[],"_links":{"self":[{"href":"http:\/\/paaskerock.no\/index.php?rest_route=\/wp\/v2\/pages\/106"}],"collection":[{"href":"http:\/\/paaskerock.no\/index.php?rest_route=\/wp\/v2\/pages"}],"about":[{"href":"http:\/\/paaskerock.no\/index.php?rest_route=\/wp\/v2\/types\/page"}],"author":[{"embeddable":true,"href":"http:\/\/paaskerock.no\/index.php?rest_route=\/wp\/v2\/users\/3"}],"replies":[{"embeddable":true,"href":"http:\/\/paaskerock.no\/index.php?rest_route=%2Fwp%2Fv2%2Fcomments&post=106"}],"version-history":[{"count":2,"href":"http:\/\/paaskerock.no\/index.php?rest_route=\/wp\/v2\/pages\/106\/revisions"}],"predecessor-version":[{"id":157,"href":"http:\/\/paaskerock.no\/index.php?rest_route=\/wp\/v2\/pages\/106\/revisions\/157"}],"up":[{"embeddable":true,"href":"http:\/\/paaskerock.no\/index.php?rest_route=\/wp\/v2\/pages\/37"}],"wp:attachment":[{"href":"http:\/\/paaskerock.no\/index.php?rest_route=%2Fwp%2Fv2%2Fmedia&parent=106"}],"curies":[{"name":"wp","href":"https:\/\/api.w.org\/{rel}","templated":true}]}}